{"id":745,"date":"2022-01-02T19:22:18","date_gmt":"2022-01-02T18:22:18","guid":{"rendered":"http:\/\/beta.maxform.pl\/o-nas\/"},"modified":"2022-01-30T17:09:08","modified_gmt":"2022-01-30T16:09:08","slug":"ueber-uns","status":"publish","type":"page","link":"https:\/\/maxform.pl\/de\/ueber-uns\/","title":{"rendered":"\u00dcber uns"},"content":{"rendered":"\n<style type=\"text\/css\" data-created_by=\"avia_inline_auto\" id=\"style-css-av-kxzb934g-a0f45f29616b16d4c2a32a88352b74bb\">\n.avia-section.av-kxzb934g-a0f45f29616b16d4c2a32a88352b74bb{\nbackground-repeat:no-repeat;\nbackground-image:url(https:\/\/maxform.pl\/wp-content\/uploads\/2022\/01\/ofirmie.jpg);\nbackground-position:50% 0%;\nbackground-attachment:scroll;\n}\n.avia-section.av-kxzb934g-a0f45f29616b16d4c2a32a88352b74bb .av-section-color-overlay{\nopacity:0.5;\n}\n<\/style>\n<div id='av_section_1'  class='avia-section av-kxzb934g-a0f45f29616b16d4c2a32a88352b74bb main_color avia-section-default avia-no-border-styling  avia-builder-el-0  el_before_av_textblock  avia-builder-el-first  snagl avia-full-stretch avia-bg-style-scroll av-section-color-overlay-active av-minimum-height av-minimum-height-custom  container_wrap sidebar_right'  data-section-bg-repeat='stretch'><div class='av-section-color-overlay-wrap'><div class=\"av-section-color-overlay\"><\/div><div class='container av-section-cont-open' style='height:450px'><main  role=\"main\" itemprop=\"mainContentOfPage\"  class='template-page content  av-content-small alpha units'><div class='post-entry post-entry-type-page post-entry-745'><div class='entry-content-wrapper clearfix'>\n\n<style type=\"text\/css\" data-created_by=\"avia_inline_auto\" id=\"style-css-av-kxzb9w8p-845da5a3e8a4bbc7e90256112e54d2e3\">\n#top .av-special-heading.av-kxzb9w8p-845da5a3e8a4bbc7e90256112e54d2e3{\npadding-bottom:10px;\ncolor:#ffffff;\nfont-size:70px;\n}\nbody .av-special-heading.av-kxzb9w8p-845da5a3e8a4bbc7e90256112e54d2e3 .av-special-heading-tag .heading-char{\nfont-size:25px;\n}\n#top #wrap_all .av-special-heading.av-kxzb9w8p-845da5a3e8a4bbc7e90256112e54d2e3 .av-special-heading-tag{\nfont-size:70px;\n}\n.av-special-heading.av-kxzb9w8p-845da5a3e8a4bbc7e90256112e54d2e3 .special-heading-inner-border{\nborder-color:#ffffff;\n}\n.av-special-heading.av-kxzb9w8p-845da5a3e8a4bbc7e90256112e54d2e3 .av-subheading{\nfont-size:15px;\n}\n<\/style>\n<div  class='av-special-heading av-kxzb9w8p-845da5a3e8a4bbc7e90256112e54d2e3 av-special-heading-h1 custom-color-heading blockquote modern-quote  avia-builder-el-1  avia-builder-el-no-sibling  av-inherit-size'><h1 class='av-special-heading-tag'  itemprop=\"headline\"  >\u00dcber uns<\/h1><div class=\"special-heading-border\"><div class=\"special-heading-inner-border\"><\/div><\/div><\/div>\n<\/div><\/div><\/main><!-- close content main element --><\/div><\/div><\/div><div id='after_section_1'  class='main_color av_default_container_wrap container_wrap sidebar_right'  ><div class='container av-section-cont-open' ><div class='template-page content  av-content-small alpha units'><div class='post-entry post-entry-type-page post-entry-745'><div class='entry-content-wrapper clearfix'><section  class='av_textblock_section av-kxzbtyx3-19a731591b845c010da1cd44b172e550'  itemscope=\"itemscope\" itemtype=\"https:\/\/schema.org\/CreativeWork\" ><div class='avia_textblock'  itemprop=\"text\" ><h2 style=\"text-align: center;\">Wir zeichnen Ideen aus unserer <span class=\"\">Leidenschaft<\/span><\/h2>\n<\/div><\/section><\/p>\n<\/div><\/div><\/div><!-- close content main div --><\/div><\/div><div id='av-layout-grid-1'  class='av-layout-grid-container av-5pm96-ffc3741c8a14b4ebb93bea251fa1f4fa entry-content-wrapper main_color av-flex-cells  avia-builder-el-3  el_after_av_textblock  el_before_av_layout_row  grid-row-not-first  container_wrap sidebar_right'  >\n\n<style type=\"text\/css\" data-created_by=\"avia_inline_auto\" id=\"style-css-av-50z2a-75b686b96ee5542594bbbcd4df2242a6\">\n.flex_cell.av-50z2a-75b686b96ee5542594bbbcd4df2242a6{\nvertical-align:middle;\nbackground-color:#ffffff;\n}\n<\/style>\n<div class='flex_cell av_one_half av-50z2a-75b686b96ee5542594bbbcd4df2242a6 no_margin  avia-builder-el-4  el_before_av_cell_one_half  avia-builder-el-first  cont-txt' ><div class='flex_cell_inner'><section  class='av_textblock_section av-ky3d0i6z-2d8bb6dc39d9075f63962154363e5a10'  itemscope=\"itemscope\" itemtype=\"https:\/\/schema.org\/CreativeWork\" ><div class='avia_textblock'  itemprop=\"text\" ><h2 style=\"text-align: center;\">\u00dcBER UNS<\/h2>\n<p style=\"text-align: justify;\">Wir sind ein Team von jungen Fachleuten, die innovative Kunststoffprodukte entwickeln. Seit 2009 sind wir in der Branche t\u00e4tig und setzen unsere Ideen umfassend um \u2013 vom Entwurf bis zur Ausf\u00fchrung. M\u00f6glich wird dies durch qualifizierte Konstrukteure und einen umfangreichen Maschinenpark, der aus professionellen Tiefziehmaschinen und numerischen CNC-Fr\u00e4smaschinen besteht. In unserer Arbeit verwenden wir Materialien des Typs: PVC, PET, PET-ESD, PP, PS, PE, PS-ESD, ABS. Die langj\u00e4hrige Erfahrung im Umgang mit Kunststoffen erm\u00f6glicht es uns, den Rohstoff so auszuw\u00e4hlen, dass optimale technische Parameter gew\u00e4hrleistet sind und die Kundenanforderungen erf\u00fcllt werden.<\/p>\n<\/div><\/section>\n<\/div><\/div>\n<style type=\"text\/css\" data-created_by=\"avia_inline_auto\" id=\"style-css-av-4p1wa-7d0ce5105323627f8971ad653e23242d\">\n.flex_cell.av-4p1wa-7d0ce5105323627f8971ad653e23242d{\nvertical-align:middle;\npadding:10% 10% 10% 10%;\nbackground:url(https:\/\/maxform.pl\/wp-content\/uploads\/2022\/01\/onas.jpg) 50% 50% no-repeat scroll ;\n}\n<\/style>\n<div class='flex_cell av_one_half av-4p1wa-7d0ce5105323627f8971ad653e23242d no_margin  avia-builder-el-6  el_after_av_cell_one_half  avia-builder-el-last  avia-full-stretch' ><div class='flex_cell_inner'><\/div><\/div><\/div><div id='av-layout-grid-2'  class='av-layout-grid-container av-42m3q-c07208c330384035c13f00b99b275bca entry-content-wrapper main_color av-flex-cells  avia-builder-el-7  el_after_av_layout_row  el_before_av_layout_row  grid-row-not-first  container_wrap sidebar_right'  >\n\n<style type=\"text\/css\" data-created_by=\"avia_inline_auto\" id=\"style-css-av-bwya-5f12375200180f28812aa0b734666f45\">\n.flex_cell.av-bwya-5f12375200180f28812aa0b734666f45{\nvertical-align:middle;\npadding:15% 0 15% 0;\nbackground:url(https:\/\/maxform.pl\/wp-content\/uploads\/2022\/01\/misja.jpg) 50% 50% no-repeat scroll ;\n}\n<\/style>\n<div class='flex_cell av_one_half av-bwya-5f12375200180f28812aa0b734666f45 no_margin  avia-builder-el-8  el_before_av_cell_one_half  avia-builder-el-first  notflex avia-full-stretch' ><div class='flex_cell_inner'><\/div><\/div>\n<style type=\"text\/css\" data-created_by=\"avia_inline_auto\" id=\"style-css-av-2rudu-7cbf4025ba4d5325f830b5c89d797f67\">\n.flex_cell.av-2rudu-7cbf4025ba4d5325f830b5c89d797f67{\nvertical-align:middle;\nbackground-color:#ffffff;\n}\n<\/style>\n<div class='flex_cell av_one_half av-2rudu-7cbf4025ba4d5325f830b5c89d797f67 no_margin  avia-builder-el-9  el_after_av_cell_one_half  avia-builder-el-last  cont-txtp' ><div class='flex_cell_inner'><section  class='av_textblock_section av-ky3d14mx-e52c10a85ea746b86aad600d13c0a84a'  itemscope=\"itemscope\" itemtype=\"https:\/\/schema.org\/CreativeWork\" ><div class='avia_textblock'  itemprop=\"text\" ><h2 style=\"text-align: center;\">MISSION<\/h2>\n<p style=\"text-align: justify;\">Unsere Mission ist es, innovative und moderne Kunststoffprodukte zu schaffen. Wir sch\u00f6pfen Ideen aus unserer Leidenschaft. Um den wachsenden Anforderungen des Marktes gerecht zu werden, setzen wir auf die kontinuierliche Weiterentwicklung und Erweiterung des Wissens unserer Mitarbeiter. Als sozial verantwortliches Unternehmen sind wir bestrebt, Projekte zur Verbesserung der Lebensqualit\u00e4t und zum Schutz der nat\u00fcrlichen Umwelt umzusetzen.<\/p>\n<\/div><\/section>\n<\/div><\/div><\/div><div id='av-layout-grid-3'  class='av-layout-grid-container av-21k0e-ccca15c6e5cf347abef5b442b68e8d4f entry-content-wrapper main_color av-flex-cells  avia-builder-el-11  el_after_av_layout_row  el_before_av_section  grid-row-not-first  container_wrap sidebar_right'  >\n\n<style type=\"text\/css\" data-created_by=\"avia_inline_auto\" id=\"style-css-av-1knzi-005fb8fb206200a7c736c791c4d57287\">\n.flex_cell.av-1knzi-005fb8fb206200a7c736c791c4d57287{\nvertical-align:middle;\nbackground-color:#ffffff;\n}\n<\/style>\n<div class='flex_cell av_one_half av-1knzi-005fb8fb206200a7c736c791c4d57287 no_margin  avia-builder-el-12  el_before_av_cell_one_half  avia-builder-el-first  cont-txt' ><div class='flex_cell_inner'><section  class='av_textblock_section av-ky3d1sl1-0253de30a0de6c4a958582fff38a54c6'  itemscope=\"itemscope\" itemtype=\"https:\/\/schema.org\/CreativeWork\" ><div class='avia_textblock'  itemprop=\"text\" ><h2 style=\"text-align: center;\">VISION<\/h2>\n<p style=\"text-align: justify;\">In der l\u00e4ngerfristigen Perspektive der Unternehmensentwicklung planen wir den Ausbau unserer Produktionsst\u00e4tte und die Erweiterung des Leistungsspektrums. Ein selbstverst\u00e4ndlicher Schritt ist dabei die Implementierung moderner Technologien und innovativer L\u00f6sungen, die auf dem Markt verf\u00fcgbar sind. Wir streben ein organisatorisches Niveau an, das unseren bestehenden und neuen Kunden h\u00f6chste Servicequalit\u00e4t garantiert.<\/p>\n<\/div><\/section>\n<\/div><\/div>\n<style type=\"text\/css\" data-created_by=\"avia_inline_auto\" id=\"style-css-av-uqni-d69a18e5f0bc75b7500740c39dc14057\">\n.flex_cell.av-uqni-d69a18e5f0bc75b7500740c39dc14057{\nvertical-align:middle;\npadding:20% 20% 20% 20%;\nbackground:url(https:\/\/maxform.pl\/wp-content\/uploads\/2022\/01\/wizja.jpg) 50% 0% no-repeat scroll ;\n}\n<\/style>\n<div class='flex_cell av_one_half av-uqni-d69a18e5f0bc75b7500740c39dc14057 no_margin  avia-builder-el-14  el_after_av_cell_one_half  avia-builder-el-last  avia-full-stretch' ><div class='flex_cell_inner'><\/div><\/div><\/div>\n<style type=\"text\/css\" data-created_by=\"avia_inline_auto\" id=\"style-css-av-ky4cpvdc-75d26599db303f0676251a47707eb339\">\n.avia-section.av-ky4cpvdc-75d26599db303f0676251a47707eb339{\nbackground-color:#000000;\n}\n<\/style>\n<div id='av_section_2'  class='avia-section av-ky4cpvdc-75d26599db303f0676251a47707eb339 main_color avia-section-default avia-no-border-styling  avia-builder-el-15  el_after_av_layout_row  el_before_av_postcontent  avia-bg-style-scroll container_wrap sidebar_right'  ><div class='container av-section-cont-open' ><div class='template-page content  av-content-small alpha units'><div class='post-entry post-entry-type-page post-entry-745'><div class='entry-content-wrapper clearfix'>\n<section  class='av_textblock_section av-ky3d9y4z-deeea74750083eda9e27d2b955d485ea'  itemscope=\"itemscope\" itemtype=\"https:\/\/schema.org\/CreativeWork\" ><div class='avia_textblock'  itemprop=\"text\" ><div class='avia-iframe-wrap'><iframe loading=\"lazy\" title=\"Raport o sytuacji M\u015aP 2019 l inwestycje w rozw\u00f3j l MAXFORM\" width=\"1500\" height=\"844\" src=\"https:\/\/www.youtube.com\/embed\/DdbvN0jkQCc?feature=oembed\" frameborder=\"0\" allow=\"accelerometer; autoplay; clipboard-write; encrypted-media; gyroscope; picture-in-picture\" allowfullscreen><\/iframe><\/div>\n<\/div><\/section>\n<\/p>\n[av_hr class='invisible' icon_select='yes' icon='ue808' font='entypo-fontello' position='center' shadow='no-shadow' height='40' custom_border='av-border-thin' custom_width='50px' custom_margin_top='30px' custom_margin_bottom='30px' custom_border_color='' custom_icon_color='' id='' custom_class='' template_class='' av_uid='av-ky5z1zn4' sc_version='1.0' admin_preview_bg='']\r\n\r\n[av_one_full first min_height='' vertical_alignment='av-align-top' space='' row_boxshadow_color='' row_boxshadow_width='10' custom_margin='aviaTBcustom_margin' margin='0px,-20px' mobile_breaking='' mobile_column_order='' min_col_height='' padding='' padding_sync='true' svg_div_top='' svg_div_top_color='#333333' svg_div_top_width='100' svg_div_top_height='50' svg_div_top_max_height='none' svg_div_top_opacity='' svg_div_bottom='' svg_div_bottom_color='#333333' svg_div_bottom_width='100' svg_div_bottom_height='50' svg_div_bottom_max_height='none' svg_div_bottom_opacity='' border='' border_style='solid' border_color='' radius='' radius_sync='true' column_boxshadow_color='' column_boxshadow_width='10' background='bg_color' background_color='' background_gradient_direction='vertical' background_gradient_color1='#000000' background_gradient_color2='#ffffff' background_gradient_color3='' src='' attachment='' attachment_size='' background_position='top left' background_repeat='no-repeat' highlight_size='1.1' animation='' link='' linktarget='' link_hover='' title_attr='' alt_attr='' mobile_display='' mobile_col_pos='0' id='' custom_class='' template_class='' aria_label='' av_uid='av-3sp8' sc_version='1.0']\r\n\r\n[av_textblock textblock_styling_align='' textblock_styling='' textblock_styling_gap='' textblock_styling_mobile='' size='' av-medium-font-size='' av-small-font-size='' av-mini-font-size='' font_color='' color='' id='' custom_class='' template_class='' av_uid='av-ky4eq698' sc_version='1.0' admin_preview_bg='']\r\n<h2 class=\"title\" style=\"text-align: center;\">Sind Sie an einer Zusammenarbeit interessiert?<\/h2>\r\n<p style=\"text-align: center;\">Wir laden Sie herzlich ein, sich an unser Unternehmen zu wenden<\/p>\r\n[\/av_textblock]\r\n\r\n[\/av_one_full][av_layout_row border='' min_height_percent='' min_height_pc='25' min_height='0' color='main_color' mobile='av-flex-cells' mobile_breaking='' mobile_column_order='' id='' custom_class='wspol' template_class='' aria_label='' av_element_hidden_in_editor='0' av_uid='av-zj2f8' sc_version='1.0']\r\n[av_cell_one_fourth vertical_align='middle' padding='' padding_sync='true' background='bg_color' background_color='' background_gradient_direction='vertical' background_gradient_color1='#000000' background_gradient_color2='#ffffff' background_gradient_color3='' src='' attachment='' attachment_size='' background_attachment='scroll' background_position='top left' background_repeat='no-repeat' link='' linktarget='' link_hover='' mobile_display='av-hide-on-mobile' mobile_col_pos='0' custom_class='none' template_class='' av_uid='av-pqc4c' sc_version='1.0']\r\n\r\n[\/av_cell_one_fourth][av_cell_one_fourth av_uid='av-mdwh0']\r\n\r\n[av_icon_box icon='ue854' font='entypo-fontello' title=' +48 58 302 51 99' position='top' icon_style='' boxed='' font_color='' custom_title='' custom_content='' color='' custom_bg='' custom_font='' custom_border='' custom_title_size='' av-medium-font-size-title='' av-small-font-size-title='' av-mini-font-size-title='' custom_content_size='' av-medium-font-size='' av-small-font-size='' av-mini-font-size='' heading_tag='' heading_class='' link='manually,tel:+48583025199' linktarget='' linkelement='' id='' custom_class='' template_class='' av_uid='av-ky4eurjm' sc_version='1.0' admin_preview_bg=''][\/av_icon_box]\r\n\r\n[\/av_cell_one_fourth][av_cell_one_fourth av_uid='av-gn4ss']\r\n\r\n[av_icon_box icon='ue805' font='entypo-fontello' title='biuro@maxform.pl' position='top' icon_style='' boxed='' font_color='' custom_title='' custom_content='' color='' custom_bg='' custom_font='' custom_border='' custom_title_size='' av-medium-font-size-title='' av-small-font-size-title='' av-mini-font-size-title='' custom_content_size='' av-medium-font-size='' av-small-font-size='' av-mini-font-size='' heading_tag='' heading_class='' link='manually,mailto:biuro@maxform.pl' linktarget='' linkelement='' id='' custom_class='' template_class='' av_uid='av-ky4ewdzf' sc_version='1.0' admin_preview_bg=''][\/av_icon_box]\r\n\r\n[\/av_cell_one_fourth][av_cell_one_fourth vertical_align='top' padding='' padding_sync='true' background='bg_color' background_color='' background_gradient_direction='vertical' background_gradient_color1='#000000' background_gradient_color2='#ffffff' background_gradient_color3='' src='' attachment='' attachment_size='' background_attachment='scroll' background_position='top left' background_repeat='no-repeat' link='' linktarget='' link_hover='' mobile_display='av-hide-on-mobile' mobile_col_pos='0' custom_class='none' template_class='' av_uid='av-7931o' sc_version='1.0']\r\n\r\n[\/av_cell_one_fourth]\r\n[\/av_layout_row]\r\n\r\n[av_hr class='invisible' icon_select='yes' icon='ue808' font='entypo-fontello' position='center' shadow='no-shadow' height='20' custom_border='av-border-thin' custom_width='50px' custom_margin_top='30px' custom_margin_bottom='30px' custom_border_color='' custom_icon_color='' id='' custom_class='' template_class='' av_uid='av-78f4k' sc_version='1.0' admin_preview_bg='']\r\n\r\n\n","protected":false},"excerpt":{"rendered":"","protected":false},"author":1,"featured_media":0,"parent":0,"menu_order":0,"comment_status":"closed","ping_status":"closed","template":"","meta":{"footnotes":""},"class_list":["post-745","page","type-page","status-publish","hentry"],"_links":{"self":[{"href":"https:\/\/maxform.pl\/de\/wp-json\/wp\/v2\/pages\/745","targetHints":{"allow":["GET"]}}],"collection":[{"href":"https:\/\/maxform.pl\/de\/wp-json\/wp\/v2\/pages"}],"about":[{"href":"https:\/\/maxform.pl\/de\/wp-json\/wp\/v2\/types\/page"}],"author":[{"embeddable":true,"href":"https:\/\/maxform.pl\/de\/wp-json\/wp\/v2\/users\/1"}],"replies":[{"embeddable":true,"href":"https:\/\/maxform.pl\/de\/wp-json\/wp\/v2\/comments?post=745"}],"version-history":[{"count":2,"href":"https:\/\/maxform.pl\/de\/wp-json\/wp\/v2\/pages\/745\/revisions"}],"predecessor-version":[{"id":749,"href":"https:\/\/maxform.pl\/de\/wp-json\/wp\/v2\/pages\/745\/revisions\/749"}],"wp:attachment":[{"href":"https:\/\/maxform.pl\/de\/wp-json\/wp\/v2\/media?parent=745"}],"curies":[{"name":"wp","href":"https:\/\/api.w.org\/{rel}","templated":true}]}}