{"id":753,"date":"2022-01-02T19:22:46","date_gmt":"2022-01-02T18:22:46","guid":{"rendered":"http:\/\/beta.maxform.pl\/termoformowanie\/"},"modified":"2022-01-30T17:11:51","modified_gmt":"2022-01-30T16:11:51","slug":"thermoformen","status":"publish","type":"page","link":"https:\/\/maxform.pl\/de\/thermoformen\/","title":{"rendered":"Thermoformen"},"content":{"rendered":"\n<style type=\"text\/css\" data-created_by=\"avia_inline_auto\" id=\"style-css-av-ky4qygop-5bf5ddd2ebe24147f512c13933864432\">\n.avia-section.av-ky4qygop-5bf5ddd2ebe24147f512c13933864432{\nbackground-repeat:no-repeat;\nbackground-image:url(https:\/\/maxform.pl\/wp-content\/uploads\/2022\/01\/termo-bg2022.jpg);\nbackground-position:50% 0%;\nbackground-attachment:scroll;\n}\n.avia-section.av-ky4qygop-5bf5ddd2ebe24147f512c13933864432 .av-section-color-overlay{\nopacity:0.5;\n}\n<\/style>\n<div id='av_section_1'  class='avia-section av-ky4qygop-5bf5ddd2ebe24147f512c13933864432 main_color avia-section-default avia-no-border-styling  avia-builder-el-0  el_before_av_textblock  avia-builder-el-first  snagl avia-full-stretch avia-bg-style-scroll av-section-color-overlay-active av-minimum-height av-minimum-height-custom  container_wrap sidebar_right'  data-section-bg-repeat='stretch'><div class='av-section-color-overlay-wrap'><div class=\"av-section-color-overlay\"><\/div><div class='container av-section-cont-open' style='height:450px'><main  role=\"main\" itemprop=\"mainContentOfPage\"  class='template-page content  av-content-small alpha units'><div class='post-entry post-entry-type-page post-entry-753'><div class='entry-content-wrapper clearfix'>\n\n<style type=\"text\/css\" data-created_by=\"avia_inline_auto\" id=\"style-css-av-ky4qtfwp-fb797452e50401068888b0be4a8c84fd\">\n#top .av-special-heading.av-ky4qtfwp-fb797452e50401068888b0be4a8c84fd{\npadding-bottom:10px;\ncolor:#ffffff;\nfont-size:70px;\n}\nbody .av-special-heading.av-ky4qtfwp-fb797452e50401068888b0be4a8c84fd .av-special-heading-tag .heading-char{\nfont-size:25px;\n}\n#top #wrap_all .av-special-heading.av-ky4qtfwp-fb797452e50401068888b0be4a8c84fd .av-special-heading-tag{\nfont-size:70px;\n}\n.av-special-heading.av-ky4qtfwp-fb797452e50401068888b0be4a8c84fd .special-heading-inner-border{\nborder-color:#ffffff;\n}\n.av-special-heading.av-ky4qtfwp-fb797452e50401068888b0be4a8c84fd .av-subheading{\nfont-size:15px;\n}\n\n@media only screen and (min-width: 768px) and (max-width: 989px){ \n#top #wrap_all .av-special-heading.av-ky4qtfwp-fb797452e50401068888b0be4a8c84fd .av-special-heading-tag{\nfont-size:47px;\n}\n}\n\n@media only screen and (min-width: 480px) and (max-width: 767px){ \n#top #wrap_all .av-special-heading.av-ky4qtfwp-fb797452e50401068888b0be4a8c84fd .av-special-heading-tag{\nfont-size:40px;\n}\n}\n\n@media only screen and (max-width: 479px){ \n#top #wrap_all .av-special-heading.av-ky4qtfwp-fb797452e50401068888b0be4a8c84fd .av-special-heading-tag{\nfont-size:30px;\n}\n}\n<\/style>\n<div  class='av-special-heading av-ky4qtfwp-fb797452e50401068888b0be4a8c84fd av-special-heading-h1 custom-color-heading blockquote modern-quote  avia-builder-el-1  avia-builder-el-no-sibling  av-inherit-size'><h1 class='av-special-heading-tag'  itemprop=\"headline\"  >Thermoformen<\/h1><div class=\"special-heading-border\"><div class=\"special-heading-inner-border\"><\/div><\/div><\/div>\n<\/div><\/div><\/main><!-- close content main element --><\/div><\/div><\/div><div id='after_section_1'  class='main_color av_default_container_wrap container_wrap sidebar_right'  ><div class='container av-section-cont-open' ><div class='template-page content  av-content-small alpha units'><div class='post-entry post-entry-type-page post-entry-753'><div class='entry-content-wrapper clearfix'><section  class='av_textblock_section av-ky4qt517-5b0e31b275e4be8db7acfe1653b30965'  itemscope=\"itemscope\" itemtype=\"https:\/\/schema.org\/CreativeWork\" ><div class='avia_textblock'  itemprop=\"text\" ><h2 style=\"text-align: center;\">Thermoformen ist der Prozess des Formens von <span class=\"\">Objekten.<\/span><\/h2>\n<\/div><\/section><\/p>\n<\/div><\/div><\/div><!-- close content main div --><\/div><\/div><div id='av-layout-grid-1'  class='av-layout-grid-container av-f9pk-4ca38a7d026cd68549a9caa9fde842be entry-content-wrapper main_color av-flex-cells  avia-builder-el-3  el_after_av_textblock  el_before_av_layout_row  grid-row-not-first  container_wrap sidebar_right'  >\n\n<style type=\"text\/css\" data-created_by=\"avia_inline_auto\" id=\"style-css-av-3xo0o-536fd0235fad34ba898d302b3da8d679\">\n.flex_cell.av-3xo0o-536fd0235fad34ba898d302b3da8d679{\nvertical-align:middle;\n}\n<\/style>\n<div class='flex_cell av_one_half av-3xo0o-536fd0235fad34ba898d302b3da8d679 no_margin  avia-builder-el-4  el_before_av_cell_one_half  avia-builder-el-first  cont-txt' ><div class='flex_cell_inner'><section  class='av_textblock_section av-ky4qyu9c-14c1afdb61aa55f50dc5aa65696f8157'  itemscope=\"itemscope\" itemtype=\"https:\/\/schema.org\/CreativeWork\" ><div class='avia_textblock'  itemprop=\"text\" ><p>Thermoformen ist der Prozess der Formgebung von Gegenst\u00e4nden aus polymeren Materialien wie:<\/p>\n<ul>\n<li>Styrol-Kunststoffe. z.B. PS (Polystyrol) oder ABS (Acrylnitril-Butadien-Styrol),<\/li>\n<li>Pololefine wie z. B.: PE (Polyethylen) oder PP (Polypropylen),<\/li>\n<li>PVC (Polyvinylchlorid),<\/li>\n<li>PET (Politeraphthalat von Ethylen),<\/li>\n<li>PMMA (Polymethylmethacrylat),<\/li>\n<li>oder biologisch abbaubare Kunststoffe \u2013 PLA (Polyactide).<\/li>\n<\/ul>\n<p>Der Prozess besteht darin, das Material in Form von Platten oder Folien so zu erw\u00e4rmen, dass es plastisch wird, und es dann mittels Druck oder Vakuum in die gew\u00fcnschte Form zu bringen.<\/p>\n<\/div><\/section>\n<\/div><\/div>\n<style type=\"text\/css\" data-created_by=\"avia_inline_auto\" id=\"style-css-av-ky4qz52m-7f656dc2108347c044e9ff2bc2f0b2b4\">\n.flex_cell.av-ky4qz52m-7f656dc2108347c044e9ff2bc2f0b2b4{\nvertical-align:middle;\npadding:20% 20% 20% 20%;\nbackground:url(https:\/\/maxform.pl\/wp-content\/uploads\/2022\/01\/tacka-termoformowana.jpg) 50% 50% no-repeat scroll ;\n}\n<\/style>\n<div class='flex_cell av_one_half av-ky4qz52m-7f656dc2108347c044e9ff2bc2f0b2b4 no_margin  avia-builder-el-6  el_after_av_cell_one_half  avia-builder-el-last  avia-full-stretch' ><div class='flex_cell_inner'><\/div><\/div><\/div><div id='av-layout-grid-2'  class='av-layout-grid-container av-ch8w-cec913b6c82cb12d433e33dc855c3175 entry-content-wrapper main_color av-flex-cells  avia-builder-el-7  el_after_av_layout_row  el_before_av_layout_row  grid-row-not-first  container_wrap sidebar_right'  >\n\n<style type=\"text\/css\" data-created_by=\"avia_inline_auto\" id=\"style-css-av-ky4qzhf3-e431869f7a420d42534d1f88777c5994\">\n.flex_cell.av-ky4qzhf3-e431869f7a420d42534d1f88777c5994{\nvertical-align:middle;\npadding:20% 20% 20% 20%;\nbackground:url(https:\/\/maxform.pl\/wp-content\/uploads\/2022\/01\/kosmetyka.jpg) 50% 50% no-repeat scroll ;\n}\n<\/style>\n<div class='flex_cell av_one_half av-ky4qzhf3-e431869f7a420d42534d1f88777c5994 no_margin  avia-builder-el-8  el_before_av_cell_one_half  avia-builder-el-first  notflex avia-full-stretch' ><div class='flex_cell_inner'><\/div><\/div>\n<style type=\"text\/css\" data-created_by=\"avia_inline_auto\" id=\"style-css-av-2jryc-7f2c6965db26ff58003a8fd4b5263125\">\n.flex_cell.av-2jryc-7f2c6965db26ff58003a8fd4b5263125{\nvertical-align:middle;\n}\n<\/style>\n<div class='flex_cell av_one_half av-2jryc-7f2c6965db26ff58003a8fd4b5263125 no_margin  avia-builder-el-9  el_after_av_cell_one_half  avia-builder-el-last  cont-txtp' ><div class='flex_cell_inner'><section  class='av_textblock_section av-ky4qz998-50a6a70e757703e108f2a34ca46a63a2'  itemscope=\"itemscope\" itemtype=\"https:\/\/schema.org\/CreativeWork\" ><div class='avia_textblock'  itemprop=\"text\" ><p>Das Thermoformen kann je nach Dicke des verwendeten Materials in 4 Typen eingeteilt werden:<\/p>\n<ul>\n<li>D\u00fcnne Folien bis zu einer Dicke von 0,25 mm,<\/li>\n<li>Folien mit geringer Dicke von 0,25 mm bis 1,5 mm,<\/li>\n<li>D\u00fcnne Platten von 1,5 mm bis 3 mm,<\/li>\n<li>Dicke Platten von 3 mm bis 13 mm.<\/li>\n<\/ul>\n<p>Das Thermoformungsverfahren kann in vier grundlegenden Schritten beschrieben werden:<\/p>\n<ol>\n<li>Formaufbau mit Materialmontage,<\/li>\n<li>Erw\u00e4rmung des Rohmaterials zur Erzielung der Plastizit\u00e4t,<\/li>\n<li>Vakuum- oder Druckumformung,<\/li>\n<li>K\u00fchlung.<\/li>\n<\/ol>\n<\/div><\/section>\n<\/div><\/div><\/div><div id='av-layout-grid-3'  class='av-layout-grid-container av-26r4k-db69ee9ebc824ed1a3b88f8438680048 entry-content-wrapper main_color av-flex-cells  avia-builder-el-11  el_after_av_layout_row  el_before_av_postcontent  grid-row-not-first  container_wrap sidebar_right'  >\n\n<style type=\"text\/css\" data-created_by=\"avia_inline_auto\" id=\"style-css-av-1knog-15293201b08f64aad03e6d0bc54b256f\">\n.flex_cell.av-1knog-15293201b08f64aad03e6d0bc54b256f{\nvertical-align:middle;\n}\n<\/style>\n<div class='flex_cell av_one_half av-1knog-15293201b08f64aad03e6d0bc54b256f no_margin  avia-builder-el-12  el_before_av_cell_one_half  avia-builder-el-first  cont-txt' ><div class='flex_cell_inner'><section  class='av_textblock_section av-ky4qzpkz-7c4762b80966437dbe6ce125fb7eaeeb'  itemscope=\"itemscope\" itemtype=\"https:\/\/schema.org\/CreativeWork\" ><div class='avia_textblock'  itemprop=\"text\" ><p>Je nach Art des Produkts, das durch Thermoformen hergestellt werden soll, k\u00f6nnen 2 Techniken angewendet werden:<\/p>\n<ul>\n<li>Negativumformung<\/li>\n<\/ul>\n<p>In diesem Fall befindet sich das Material auf dem oberen Teil der konkaven Form. Nach dem Erw\u00e4rmen auf die gew\u00fcnschte Temperatur wird das flexible Material in die konkave Muffe der Form gepresst.<\/p>\n<ul>\n<li>Positivumformung<\/li>\n<\/ul>\n<p>Der Unterschied zwischen den Tiefziehformen ist vor allem auf die Form der im Prozess verwendeten Form zur\u00fcckzuf\u00fchren. Beim Positivformen sollte die Form konvex sein und das Material nach dem Erw\u00e4rmen in eine Form ummantelt werden.<\/p>\n<\/div><\/section>\n<\/div><\/div>\n<style type=\"text\/css\" data-created_by=\"avia_inline_auto\" id=\"style-css-av-ky4qzvum-2306f17da16dd541c877f844bc142d44\">\n.flex_cell.av-ky4qzvum-2306f17da16dd541c877f844bc142d44{\nvertical-align:middle;\npadding:20% 20% 20% 20%;\nbackground:url(https:\/\/maxform.pl\/wp-content\/uploads\/2022\/01\/MAx-pack.png) 50% 50% no-repeat scroll ;\n}\n<\/style>\n<div class='flex_cell av_one_half av-ky4qzvum-2306f17da16dd541c877f844bc142d44 no_margin  avia-builder-el-14  el_after_av_cell_one_half  avia-builder-el-last  avia-full-stretch' ><div class='flex_cell_inner'><\/div><\/div><\/div>[av_hr class='invisible' icon_select='yes' icon='ue808' font='entypo-fontello' position='center' shadow='no-shadow' height='40' custom_border='av-border-thin' custom_width='50px' custom_margin_top='30px' custom_margin_bottom='30px' custom_border_color='' custom_icon_color='' id='' custom_class='' template_class='' av_uid='av-ky5z1zn4' sc_version='1.0' admin_preview_bg='']\r\n\r\n[av_one_full first min_height='' vertical_alignment='av-align-top' space='' row_boxshadow_color='' row_boxshadow_width='10' custom_margin='aviaTBcustom_margin' margin='0px,-20px' mobile_breaking='' mobile_column_order='' min_col_height='' padding='' padding_sync='true' svg_div_top='' svg_div_top_color='#333333' svg_div_top_width='100' svg_div_top_height='50' svg_div_top_max_height='none' svg_div_top_opacity='' svg_div_bottom='' svg_div_bottom_color='#333333' svg_div_bottom_width='100' svg_div_bottom_height='50' svg_div_bottom_max_height='none' svg_div_bottom_opacity='' border='' border_style='solid' border_color='' radius='' radius_sync='true' column_boxshadow_color='' column_boxshadow_width='10' background='bg_color' background_color='' background_gradient_direction='vertical' background_gradient_color1='#000000' background_gradient_color2='#ffffff' background_gradient_color3='' src='' attachment='' attachment_size='' background_position='top left' background_repeat='no-repeat' highlight_size='1.1' animation='' link='' linktarget='' link_hover='' title_attr='' alt_attr='' mobile_display='' mobile_col_pos='0' id='' custom_class='' template_class='' aria_label='' av_uid='av-3sp8' sc_version='1.0']\r\n\r\n[av_textblock textblock_styling_align='' textblock_styling='' textblock_styling_gap='' textblock_styling_mobile='' size='' av-medium-font-size='' av-small-font-size='' av-mini-font-size='' font_color='' color='' id='' custom_class='' template_class='' av_uid='av-ky4eq698' sc_version='1.0' admin_preview_bg='']\r\n<h2 class=\"title\" style=\"text-align: center;\">Sind Sie an einer Zusammenarbeit interessiert?<\/h2>\r\n<p style=\"text-align: center;\">Wir laden Sie herzlich ein, sich an unser Unternehmen zu wenden<\/p>\r\n[\/av_textblock]\r\n\r\n[\/av_one_full][av_layout_row border='' min_height_percent='' min_height_pc='25' min_height='0' color='main_color' mobile='av-flex-cells' mobile_breaking='' mobile_column_order='' id='' custom_class='wspol' template_class='' aria_label='' av_element_hidden_in_editor='0' av_uid='av-zj2f8' sc_version='1.0']\r\n[av_cell_one_fourth vertical_align='middle' padding='' padding_sync='true' background='bg_color' background_color='' background_gradient_direction='vertical' background_gradient_color1='#000000' background_gradient_color2='#ffffff' background_gradient_color3='' src='' attachment='' attachment_size='' background_attachment='scroll' background_position='top left' background_repeat='no-repeat' link='' linktarget='' link_hover='' mobile_display='av-hide-on-mobile' mobile_col_pos='0' custom_class='none' template_class='' av_uid='av-pqc4c' sc_version='1.0']\r\n\r\n[\/av_cell_one_fourth][av_cell_one_fourth av_uid='av-mdwh0']\r\n\r\n[av_icon_box icon='ue854' font='entypo-fontello' title=' +48 58 302 51 99' position='top' icon_style='' boxed='' font_color='' custom_title='' custom_content='' color='' custom_bg='' custom_font='' custom_border='' custom_title_size='' av-medium-font-size-title='' av-small-font-size-title='' av-mini-font-size-title='' custom_content_size='' av-medium-font-size='' av-small-font-size='' av-mini-font-size='' heading_tag='' heading_class='' link='manually,tel:+48583025199' linktarget='' linkelement='' id='' custom_class='' template_class='' av_uid='av-ky4eurjm' sc_version='1.0' admin_preview_bg=''][\/av_icon_box]\r\n\r\n[\/av_cell_one_fourth][av_cell_one_fourth av_uid='av-gn4ss']\r\n\r\n[av_icon_box icon='ue805' font='entypo-fontello' title='biuro@maxform.pl' position='top' icon_style='' boxed='' font_color='' custom_title='' custom_content='' color='' custom_bg='' custom_font='' custom_border='' custom_title_size='' av-medium-font-size-title='' av-small-font-size-title='' av-mini-font-size-title='' custom_content_size='' av-medium-font-size='' av-small-font-size='' av-mini-font-size='' heading_tag='' heading_class='' link='manually,mailto:biuro@maxform.pl' linktarget='' linkelement='' id='' custom_class='' template_class='' av_uid='av-ky4ewdzf' sc_version='1.0' admin_preview_bg=''][\/av_icon_box]\r\n\r\n[\/av_cell_one_fourth][av_cell_one_fourth vertical_align='top' padding='' padding_sync='true' background='bg_color' background_color='' background_gradient_direction='vertical' background_gradient_color1='#000000' background_gradient_color2='#ffffff' background_gradient_color3='' src='' attachment='' attachment_size='' background_attachment='scroll' background_position='top left' background_repeat='no-repeat' link='' linktarget='' link_hover='' mobile_display='av-hide-on-mobile' mobile_col_pos='0' custom_class='none' template_class='' av_uid='av-7931o' sc_version='1.0']\r\n\r\n[\/av_cell_one_fourth]\r\n[\/av_layout_row]\r\n\r\n[av_hr class='invisible' icon_select='yes' icon='ue808' font='entypo-fontello' position='center' shadow='no-shadow' height='20' custom_border='av-border-thin' custom_width='50px' custom_margin_top='30px' custom_margin_bottom='30px' custom_border_color='' custom_icon_color='' id='' custom_class='' template_class='' av_uid='av-78f4k' sc_version='1.0' admin_preview_bg='']\r\n\r\n<\/p>\n","protected":false},"excerpt":{"rendered":"","protected":false},"author":1,"featured_media":0,"parent":0,"menu_order":0,"comment_status":"closed","ping_status":"closed","template":"","meta":{"footnotes":""},"class_list":["post-753","page","type-page","status-publish","hentry"],"_links":{"self":[{"href":"https:\/\/maxform.pl\/de\/wp-json\/wp\/v2\/pages\/753","targetHints":{"allow":["GET"]}}],"collection":[{"href":"https:\/\/maxform.pl\/de\/wp-json\/wp\/v2\/pages"}],"about":[{"href":"https:\/\/maxform.pl\/de\/wp-json\/wp\/v2\/types\/page"}],"author":[{"embeddable":true,"href":"https:\/\/maxform.pl\/de\/wp-json\/wp\/v2\/users\/1"}],"replies":[{"embeddable":true,"href":"https:\/\/maxform.pl\/de\/wp-json\/wp\/v2\/comments?post=753"}],"version-history":[{"count":2,"href":"https:\/\/maxform.pl\/de\/wp-json\/wp\/v2\/pages\/753\/revisions"}],"predecessor-version":[{"id":756,"href":"https:\/\/maxform.pl\/de\/wp-json\/wp\/v2\/pages\/753\/revisions\/756"}],"wp:attachment":[{"href":"https:\/\/maxform.pl\/de\/wp-json\/wp\/v2\/media?parent=753"}],"curies":[{"name":"wp","href":"https:\/\/api.w.org\/{rel}","templated":true}]}}