{"id":788,"date":"2022-01-08T00:04:24","date_gmt":"2022-01-07T23:04:24","guid":{"rendered":"http:\/\/beta.maxform.pl\/automotive\/"},"modified":"2022-01-30T18:12:06","modified_gmt":"2022-01-30T17:12:06","slug":"automobilindustrie","status":"publish","type":"page","link":"https:\/\/maxform.pl\/de\/automobilindustrie\/","title":{"rendered":"Automobilindustrie"},"content":{"rendered":"\n<style type=\"text\/css\" data-created_by=\"avia_inline_auto\" id=\"style-css-av-ky5vlo4k-fade7209f92fee83fc7e292e26bf3712\">\n.avia-section.av-ky5vlo4k-fade7209f92fee83fc7e292e26bf3712{\nbackground-repeat:no-repeat;\nbackground-image:url(https:\/\/maxform.pl\/wp-content\/uploads\/2022\/01\/automotive-bg.jpg);\nbackground-position:50% 0%;\nbackground-attachment:scroll;\n}\n.avia-section.av-ky5vlo4k-fade7209f92fee83fc7e292e26bf3712 .av-section-color-overlay{\nopacity:0.5;\n}\n<\/style>\n<div id='av_section_1'  class='avia-section av-ky5vlo4k-fade7209f92fee83fc7e292e26bf3712 main_color avia-section-default avia-no-border-styling  avia-builder-el-0  el_before_av_textblock  avia-builder-el-first  snagl avia-full-stretch avia-bg-style-scroll av-section-color-overlay-active av-minimum-height av-minimum-height-custom  container_wrap sidebar_right'  data-section-bg-repeat='stretch'><div class='av-section-color-overlay-wrap'><div class=\"av-section-color-overlay\"><\/div><div class='container av-section-cont-open' style='height:450px'><main  role=\"main\" itemprop=\"mainContentOfPage\"  class='template-page content  av-content-small alpha units'><div class='post-entry post-entry-type-page post-entry-788'><div class='entry-content-wrapper clearfix'>\n\n<style type=\"text\/css\" data-created_by=\"avia_inline_auto\" id=\"style-css-av-ky5vju24-fa288a75c4908b09a50b099e40de6ace\">\n#top .av-special-heading.av-ky5vju24-fa288a75c4908b09a50b099e40de6ace{\npadding-bottom:10px;\ncolor:#ffffff;\nfont-size:70px;\n}\nbody .av-special-heading.av-ky5vju24-fa288a75c4908b09a50b099e40de6ace .av-special-heading-tag .heading-char{\nfont-size:25px;\n}\n#top #wrap_all .av-special-heading.av-ky5vju24-fa288a75c4908b09a50b099e40de6ace .av-special-heading-tag{\nfont-size:70px;\n}\n.av-special-heading.av-ky5vju24-fa288a75c4908b09a50b099e40de6ace .special-heading-inner-border{\nborder-color:#ffffff;\n}\n.av-special-heading.av-ky5vju24-fa288a75c4908b09a50b099e40de6ace .av-subheading{\nfont-size:15px;\n}\n\n@media only screen and (min-width: 768px) and (max-width: 989px){ \n#top #wrap_all .av-special-heading.av-ky5vju24-fa288a75c4908b09a50b099e40de6ace .av-special-heading-tag{\nfont-size:47px;\n}\n}\n\n@media only screen and (min-width: 480px) and (max-width: 767px){ \n#top #wrap_all .av-special-heading.av-ky5vju24-fa288a75c4908b09a50b099e40de6ace .av-special-heading-tag{\nfont-size:48px;\n}\n}\n\n@media only screen and (max-width: 479px){ \n#top #wrap_all .av-special-heading.av-ky5vju24-fa288a75c4908b09a50b099e40de6ace .av-special-heading-tag{\nfont-size:38px;\n}\n}\n<\/style>\n<div  class='av-special-heading av-ky5vju24-fa288a75c4908b09a50b099e40de6ace av-special-heading-h1 custom-color-heading blockquote modern-quote  avia-builder-el-1  avia-builder-el-no-sibling  av-inherit-size'><h1 class='av-special-heading-tag'  itemprop=\"headline\"  >Automobilindustrie<\/h1><div class=\"special-heading-border\"><div class=\"special-heading-inner-border\"><\/div><\/div><\/div>\n<\/div><\/div><\/main><!-- close content main element --><\/div><\/div><\/div><div id='after_section_1'  class='main_color av_default_container_wrap container_wrap sidebar_right'  ><div class='container av-section-cont-open' ><div class='template-page content  av-content-small alpha units'><div class='post-entry post-entry-type-page post-entry-788'><div class='entry-content-wrapper clearfix'><section  class='av_textblock_section av-ky5vlxf7-9b59df8b5efed5ed9b974cfae792abf4'  itemscope=\"itemscope\" itemtype=\"https:\/\/schema.org\/CreativeWork\" ><div class='avia_textblock'  itemprop=\"text\" ><h2 style=\"text-align: center;\">Wir haben eine Reihe von effektiven <span class=\"\"> L\u00f6sungen<\/span><\/h2>\n<\/div><\/section><\/p>\n<\/div><\/div><\/div><!-- close content main div --><\/div><\/div><div id='av-layout-grid-1'  class='av-layout-grid-container av-n2244-914da761cfa3df1f8f011490b2208b24 entry-content-wrapper main_color av-flex-cells  avia-builder-el-3  el_after_av_textblock  el_before_av_one_full  grid-row-not-first  container_wrap sidebar_right'  >\n\n<style type=\"text\/css\" data-created_by=\"avia_inline_auto\" id=\"style-css-av-g0z04-d40eb3bfdc8b8e27f8e839e18163a7a0\">\n.flex_cell.av-g0z04-d40eb3bfdc8b8e27f8e839e18163a7a0{\nvertical-align:middle;\n}\n<\/style>\n<div class='flex_cell av_one_half av-g0z04-d40eb3bfdc8b8e27f8e839e18163a7a0 no_margin  avia-builder-el-4  el_before_av_cell_one_half  avia-builder-el-first  cont-txt' ><div class='flex_cell_inner'><section  class='av_textblock_section av-ky5vn3ba-7a1e55a94c29f0b3162026934a5c491d'  itemscope=\"itemscope\" itemtype=\"https:\/\/schema.org\/CreativeWork\" ><div class='avia_textblock'  itemprop=\"text\" ><h2 style=\"text-align: center;\">Automobil-Thermoformen<\/h2>\n<p style=\"text-align: justify;\">Kunststoff-Thermoform-Technologie wird seit Jahren in der Automobilindustrie eingesetzt. Wir sind Hersteller von Fahrzeuggeh\u00e4usen, Karosserieteile f\u00fcr Go-Karts, Sto\u00dfstangen, Kotfl\u00fcgel und Radkappen. Wir schaffen die neueste Generation von Verpackungssystemen. In vielen F\u00e4llen sind unsere innovativen L\u00f6sungen bereits in der Produktionsphase weit verbreitet: Interoperable Trays, Positionier-Tabletts, Transport-Abstandhalter \u2013 zum Schutz der Werkst\u00fccke vor Transportsch\u00e4den. Wir stellen auch Beh\u00e4lter f\u00fcr Kanban-Systeme her.<\/p>\n<p style=\"text-align: justify;\">Wir verarbeiten eine Vielzahl von Materialien: ABS, ABS TPU, ABS PMMA, HDPE, PE, PS, PS ESD, PET, was uns erm\u00f6glicht, fortschrittliche, qualitativ hochwertige und attraktive Produkte zu einem attraktiven Preis anzubieten.<\/p>\n<\/div><\/section>\n<\/div><\/div>\n<style type=\"text\/css\" data-created_by=\"avia_inline_auto\" id=\"style-css-av-ky5vm9v5-3f0561a1305aa6811734bbe574f42fb0\">\n.flex_cell.av-ky5vm9v5-3f0561a1305aa6811734bbe574f42fb0{\nvertical-align:middle;\npadding:15% 10% 15% 10%;\nbackground:url(https:\/\/maxform.pl\/wp-content\/uploads\/2022\/01\/MAx-pack.png) 50% 50% no-repeat scroll ;\n}\n<\/style>\n<div class='flex_cell av_one_half av-ky5vm9v5-3f0561a1305aa6811734bbe574f42fb0 no_margin  avia-builder-el-6  el_after_av_cell_one_half  avia-builder-el-last  avia-full-stretch' ><div class='flex_cell_inner'><\/div><\/div><\/div><div id='after_grid_row_1'  class='main_color av_default_container_wrap container_wrap sidebar_right'  ><div class='container av-section-cont-open' ><div class='template-page content  av-content-small alpha units'><div class='post-entry post-entry-type-page post-entry-788'><div class='entry-content-wrapper clearfix'>\n<style type=\"text\/css\" data-created_by=\"avia_inline_auto\" id=\"style-css-av-6jzjg-e0a776ccf481a09b142927d200859222\">\n#top .flex_column.av-6jzjg-e0a776ccf481a09b142927d200859222{\nmargin-top:-40px;\nmargin-bottom:0px;\n}\n.responsive #top #wrap_all .flex_column.av-6jzjg-e0a776ccf481a09b142927d200859222{\nmargin-top:-40px;\nmargin-bottom:0px;\n}\n<\/style>\n<div class='flex_column av-6jzjg-e0a776ccf481a09b142927d200859222 av_one_full  avia-builder-el-7  el_after_av_layout_row  el_before_av_one_full  avia-builder-el-first  first flex_column_div '   ><section  class='av_textblock_section av-ky5vnjyg-5c18ef39227b61e21346a8fb6022b3bb'  itemscope=\"itemscope\" itemtype=\"https:\/\/schema.org\/CreativeWork\" ><div class='avia_textblock'  itemprop=\"text\" ><h2 class=\"title\" style=\"text-align: center;\">Realisierungen<\/h2>\n<\/div><\/section><\/div>\n<style type=\"text\/css\" data-created_by=\"avia_inline_auto\" id=\"style-css-av-bs7rw-e6d144affe9b55d42451b2e1f0012ecb\">\n#top .flex_column.av-bs7rw-e6d144affe9b55d42451b2e1f0012ecb{\nmargin-top:0px;\nmargin-bottom:50px;\n}\n.responsive #top #wrap_all .flex_column.av-bs7rw-e6d144affe9b55d42451b2e1f0012ecb{\nmargin-top:0px;\nmargin-bottom:50px;\n}\n<\/style>\n<div class='flex_column av-bs7rw-e6d144affe9b55d42451b2e1f0012ecb av_one_full  avia-builder-el-9  el_after_av_one_full  el_before_av_postcontent  avia-builder-el-last  first flex_column_div column-top-margin'   ><\/div><\/p>\n[av_hr class='invisible' icon_select='yes' icon='ue808' font='entypo-fontello' position='center' shadow='no-shadow' height='40' custom_border='av-border-thin' custom_width='50px' custom_margin_top='30px' custom_margin_bottom='30px' custom_border_color='' custom_icon_color='' id='' custom_class='' template_class='' av_uid='av-ky5z1zn4' sc_version='1.0' admin_preview_bg='']\r\n\r\n[av_one_full first min_height='' vertical_alignment='av-align-top' space='' row_boxshadow_color='' row_boxshadow_width='10' custom_margin='aviaTBcustom_margin' margin='0px,-20px' mobile_breaking='' mobile_column_order='' min_col_height='' padding='' padding_sync='true' svg_div_top='' svg_div_top_color='#333333' svg_div_top_width='100' svg_div_top_height='50' svg_div_top_max_height='none' svg_div_top_opacity='' svg_div_bottom='' svg_div_bottom_color='#333333' svg_div_bottom_width='100' svg_div_bottom_height='50' svg_div_bottom_max_height='none' svg_div_bottom_opacity='' border='' border_style='solid' border_color='' radius='' radius_sync='true' column_boxshadow_color='' column_boxshadow_width='10' background='bg_color' background_color='' background_gradient_direction='vertical' background_gradient_color1='#000000' background_gradient_color2='#ffffff' background_gradient_color3='' src='' attachment='' attachment_size='' background_position='top left' background_repeat='no-repeat' highlight_size='1.1' animation='' link='' linktarget='' link_hover='' title_attr='' alt_attr='' mobile_display='' mobile_col_pos='0' id='' custom_class='' template_class='' aria_label='' av_uid='av-3sp8' sc_version='1.0']\r\n\r\n[av_textblock textblock_styling_align='' textblock_styling='' textblock_styling_gap='' textblock_styling_mobile='' size='' av-medium-font-size='' av-small-font-size='' av-mini-font-size='' font_color='' color='' id='' custom_class='' template_class='' av_uid='av-ky4eq698' sc_version='1.0' admin_preview_bg='']\r\n<h2 class=\"title\" style=\"text-align: center;\">Sind Sie an einer Zusammenarbeit interessiert?<\/h2>\r\n<p style=\"text-align: center;\">Wir laden Sie herzlich ein, sich an unser Unternehmen zu wenden<\/p>\r\n[\/av_textblock]\r\n\r\n[\/av_one_full][av_layout_row border='' min_height_percent='' min_height_pc='25' min_height='0' color='main_color' mobile='av-flex-cells' mobile_breaking='' mobile_column_order='' id='' custom_class='wspol' template_class='' aria_label='' av_element_hidden_in_editor='0' av_uid='av-zj2f8' sc_version='1.0']\r\n[av_cell_one_fourth vertical_align='middle' padding='' padding_sync='true' background='bg_color' background_color='' background_gradient_direction='vertical' background_gradient_color1='#000000' background_gradient_color2='#ffffff' background_gradient_color3='' src='' attachment='' attachment_size='' background_attachment='scroll' background_position='top left' background_repeat='no-repeat' link='' linktarget='' link_hover='' mobile_display='av-hide-on-mobile' mobile_col_pos='0' custom_class='none' template_class='' av_uid='av-pqc4c' sc_version='1.0']\r\n\r\n[\/av_cell_one_fourth][av_cell_one_fourth av_uid='av-mdwh0']\r\n\r\n[av_icon_box icon='ue854' font='entypo-fontello' title=' +48 58 302 51 99' position='top' icon_style='' boxed='' font_color='' custom_title='' custom_content='' color='' custom_bg='' custom_font='' custom_border='' custom_title_size='' av-medium-font-size-title='' av-small-font-size-title='' av-mini-font-size-title='' custom_content_size='' av-medium-font-size='' av-small-font-size='' av-mini-font-size='' heading_tag='' heading_class='' link='manually,tel:+48583025199' linktarget='' linkelement='' id='' custom_class='' template_class='' av_uid='av-ky4eurjm' sc_version='1.0' admin_preview_bg=''][\/av_icon_box]\r\n\r\n[\/av_cell_one_fourth][av_cell_one_fourth av_uid='av-gn4ss']\r\n\r\n[av_icon_box icon='ue805' font='entypo-fontello' title='biuro@maxform.pl' position='top' icon_style='' boxed='' font_color='' custom_title='' custom_content='' color='' custom_bg='' custom_font='' custom_border='' custom_title_size='' av-medium-font-size-title='' av-small-font-size-title='' av-mini-font-size-title='' custom_content_size='' av-medium-font-size='' av-small-font-size='' av-mini-font-size='' heading_tag='' heading_class='' link='manually,mailto:biuro@maxform.pl' linktarget='' linkelement='' id='' custom_class='' template_class='' av_uid='av-ky4ewdzf' sc_version='1.0' admin_preview_bg=''][\/av_icon_box]\r\n\r\n[\/av_cell_one_fourth][av_cell_one_fourth vertical_align='top' padding='' padding_sync='true' background='bg_color' background_color='' background_gradient_direction='vertical' background_gradient_color1='#000000' background_gradient_color2='#ffffff' background_gradient_color3='' src='' attachment='' attachment_size='' background_attachment='scroll' background_position='top left' background_repeat='no-repeat' link='' linktarget='' link_hover='' mobile_display='av-hide-on-mobile' mobile_col_pos='0' custom_class='none' template_class='' av_uid='av-7931o' sc_version='1.0']\r\n\r\n[\/av_cell_one_fourth]\r\n[\/av_layout_row]\r\n\r\n[av_hr class='invisible' icon_select='yes' icon='ue808' font='entypo-fontello' position='center' shadow='no-shadow' height='20' custom_border='av-border-thin' custom_width='50px' custom_margin_top='30px' custom_margin_bottom='30px' custom_border_color='' custom_icon_color='' id='' custom_class='' template_class='' av_uid='av-78f4k' sc_version='1.0' admin_preview_bg='']\r\n\r\n\n","protected":false},"excerpt":{"rendered":"","protected":false},"author":1,"featured_media":0,"parent":0,"menu_order":0,"comment_status":"closed","ping_status":"closed","template":"","meta":{"footnotes":""},"class_list":["post-788","page","type-page","status-publish","hentry"],"_links":{"self":[{"href":"https:\/\/maxform.pl\/de\/wp-json\/wp\/v2\/pages\/788","targetHints":{"allow":["GET"]}}],"collection":[{"href":"https:\/\/maxform.pl\/de\/wp-json\/wp\/v2\/pages"}],"about":[{"href":"https:\/\/maxform.pl\/de\/wp-json\/wp\/v2\/types\/page"}],"author":[{"embeddable":true,"href":"https:\/\/maxform.pl\/de\/wp-json\/wp\/v2\/users\/1"}],"replies":[{"embeddable":true,"href":"https:\/\/maxform.pl\/de\/wp-json\/wp\/v2\/comments?post=788"}],"version-history":[{"count":3,"href":"https:\/\/maxform.pl\/de\/wp-json\/wp\/v2\/pages\/788\/revisions"}],"predecessor-version":[{"id":791,"href":"https:\/\/maxform.pl\/de\/wp-json\/wp\/v2\/pages\/788\/revisions\/791"}],"wp:attachment":[{"href":"https:\/\/maxform.pl\/de\/wp-json\/wp\/v2\/media?parent=788"}],"curies":[{"name":"wp","href":"https:\/\/api.w.org\/{rel}","templated":true}]}}