{"id":494,"date":"2022-01-02T12:19:36","date_gmt":"2022-01-02T11:19:36","guid":{"rendered":"http:\/\/beta.maxform.pl\/przykladowa-strona\/"},"modified":"2022-02-03T14:25:56","modified_gmt":"2022-02-03T13:25:56","slug":"przykladowa-strona","status":"publish","type":"page","link":"https:\/\/maxform.pl\/en\/","title":{"rendered":"Strona g\u0142\u00f3wna"},"content":{"rendered":"\n<style type=\"text\/css\" data-created_by=\"avia_inline_auto\" id=\"style-css-av-av_section-cf7b3bc4868db7f850491e4479e7e1cf\">\n.avia-section.av-av_section-cf7b3bc4868db7f850491e4479e7e1cf .av-section-color-overlay{\nopacity:0.8;\nbackground-color:#222960;\n}\n#top .avia-section.av-av_section-cf7b3bc4868db7f850491e4479e7e1cf .scroll-down-link{\ncolor:#ffffff;\n}\n<\/style>\n<div id='av_section_1'  class='avia-section av-av_section-cf7b3bc4868db7f850491e4479e7e1cf main_color avia-section-default avia-no-border-styling  avia-builder-el-0  el_before_av_textblock  avia-builder-el-first  avia-bg-style-scroll av-section-color-overlay-active av-minimum-height av-minimum-height-60  av-section-with-video-bg container_wrap sidebar_right'   data-av_minimum_height_pc='60' data-section-video-ratio='16:9'><div   data-size='featured'  data-lightbox_size='large'  data-animation='slide'  data-conditional_play=''  data-ids=''  data-video_counter='1'  data-autoplay='false'  data-bg_slider='false'  data-slide_height=''  data-handle=''  data-interval='5'  data-class=' av-section-video-bg'  data-el_id=''  data-css_id=''  data-scroll_down=''  data-control_layout=''  data-custom_markup=''  data-perma_caption=''  data-autoplay_stopper=''  data-image_attachment=''  data-min_height='0px'  data-lazy_loading='disabled'  data-default-height='28.666666666667'  class='avia-slideshow avia-slideshow-1  av-default-height-applied avia-slideshow-featured   av-section-video-bg avia-slide-slider '  itemprop=\"image\" itemscope=\"itemscope\" itemtype=\"https:\/\/schema.org\/ImageObject\" ><ul class='avia-slideshow-inner ' style='padding-bottom: 28.666666666667%;' ><li  data-controls='disabled' data-mute='aviaTBaviaTBvideo_mute' data-loop='1' data-disable-autoplay=''  data-video-ratio='3.4883720930233' class=' av-video-slide  av-video-service-youtube  av-hide-video-controls av-mute-video av-loop-video  av-single-slide slide-1 ' ><div data-rel='slideshow-1' class='avia-slide-wrap '   ><div class='av-click-overlay'><\/div><div class='mejs-mediaelement'  itemprop=\"video\" itemtype=\"https:\/\/schema.org\/VideoObject\" ><div height='1600' width='900' class='av_youtube_frame' id='player_494_1217402307_1593620297'  data-autoplay='0'  data-videoid='DdbvN0jkQCc'  data-hd='1'  data-rel='0'  data-wmode='opaque'  data-loop='0'  data-version='3'  data-autohide='1'  data-color='white'  data-controls='0'  data-iv_load_policy='3'  data-original_url='https:\/\/www.youtube.com\/watch?v=DdbvN0jkQCc' ><\/div><\/div><div class='av-click-to-play-overlay'><div class=\"avia_playpause_icon\"><\/div><\/div><\/div><\/li><\/ul><\/div><div class='av-section-color-overlay-wrap'><div class=\"av-section-color-overlay\"><\/div><a href='#next-section' title='' class='scroll-down-link av-custom-scroll-down-color' aria-hidden='true' data-av_icon='\ue877' data-av_iconfont='entypo-fontello'><\/a><div class='container av-section-cont-open' ><main  role=\"main\" itemprop=\"mainContentOfPage\"  class='template-page content  av-content-small alpha units'><div class='post-entry post-entry-type-page post-entry-494'><div class='entry-content-wrapper clearfix'>\n<div class='flex_column_table av-av_one_full-0b47692aa9e978cfeced5079f7054689 sc-av_one_full av-equal-height-column-flextable'><div class='flex_column av-av_one_full-0b47692aa9e978cfeced5079f7054689 av_one_full  avia-builder-el-1  el_before_av_hr  avia-builder-el-first  first flex_column_table_cell av-equal-height-column av-align-middle  av-animated-generic fade-in '   ><\/div><\/div><!--close column table wrapper. Autoclose: 1 -->\n<style type=\"text\/css\" data-created_by=\"avia_inline_auto\" id=\"style-css-av-av_hr-82f5be0ae0af6a64fe3091010b237709\">\n#top .hr.hr-invisible.av-av_hr-82f5be0ae0af6a64fe3091010b237709{\nheight:20px;\n}\n<\/style>\n<div  class='hr av-av_hr-82f5be0ae0af6a64fe3091010b237709 hr-invisible  avia-builder-el-3  el_after_av_one_full  el_before_av_one_full '><span class='hr-inner '><span class=\"hr-inner-style\"><\/span><\/span><\/div>\n\n<style type=\"text\/css\" data-created_by=\"avia_inline_auto\" id=\"style-css-av-av_one_full-ebcb9b1bc613e653127081ae54f324fa\">\n#top .flex_column.av-av_one_full-ebcb9b1bc613e653127081ae54f324fa{\nmargin-top:30px;\nmargin-bottom:px;\n}\n.responsive #top #wrap_all .flex_column.av-av_one_full-ebcb9b1bc613e653127081ae54f324fa{\nmargin-top:30px;\nmargin-bottom:px;\n}\n<\/style>\n<div class='flex_column av-av_one_full-ebcb9b1bc613e653127081ae54f324fa av_one_full  avia-builder-el-4  el_after_av_hr  avia-builder-el-last  first flex_column_div  av-animated-generic bottom-to-top '   ><div  class='avia-button-wrap avia-button-center  avia-builder-el-5  avia-builder-el-no-sibling ' >\n<style type=\"text\/css\" data-created_by=\"avia_inline_auto\" id=\"style-css-av-kyn1zd32-6d4bb08c28697f06d4105cf8cf8be1ac\">\n#top #wrap_all .avia-button.av-kyn1zd32-6d4bb08c28697f06d4105cf8cf8be1ac{\nborder-style:solid;\nborder-width:1px 1px 1px 1px;\nborder-radius:5px 5px 5px 5px;\n-webkit-border-radius:5px 5px 5px 5px;\n-moz-border-radius:5px 5px 5px 5px;\ntransition:all 0.4s ease-in-out;\n-webkit-transition:all 0.4s ease-in-out;\n-moz-transition:all 0.4s ease-in-out;\n-ms-transition:all 0.4s ease-in-out;\n-o-transition:all 0.4s ease-in-out;\n}\n#top #wrap_all.avia-button.av-kyn1zd32-6d4bb08c28697f06d4105cf8cf8be1ac:hover .avia_button_background{\nborder-radius:5px 5px 5px 5px;\n-webkit-border-radius:5px 5px 5px 5px;\n-moz-border-radius:5px 5px 5px 5px;\n}\n<\/style>\n<a href=''  class='avia-button av-kyn1zd32-6d4bb08c28697f06d4105cf8cf8be1ac avia-icon_select-yes-right-icon avia-size-large avia-position-center av-icon-on-hover avia-color-light' ><span class='avia_iconbox_title' >MORE<\/span><span class='avia_button_icon avia_button_icon_right' aria-hidden='true' data-av_icon='\ue875' data-av_iconfont='entypo-fontello'><\/span><\/a><\/div><\/div><\/div><\/div><\/main><!-- close content main element --><\/div><\/div><\/div><div id='after_section_1'  class='main_color av_default_container_wrap container_wrap sidebar_right'  ><div class='container av-section-cont-open' ><div class='template-page content  av-content-small alpha units'><div class='post-entry post-entry-type-page post-entry-494'><div class='entry-content-wrapper clearfix'><section  class='av_textblock_section av-kxxlptpt-c4e955e101b173989184300a5457d86f'  itemscope=\"itemscope\" itemtype=\"https:\/\/schema.org\/CreativeWork\" ><div class='avia_textblock'  itemprop=\"text\" ><h2 style=\"text-align: center;\">What can we\u00a0<span class=\"\">offer you?<\/span><\/h2>\n<p style=\"text-align: center;\">To meet the demands we have, we have a well-experienced team of young professionals who guarantee the highest level of services.<\/p>\n<\/div><\/section><\/p>\n\n<\/div><\/div><\/div><!-- close content main div --><\/div><\/div><div id='av-layout-grid-1'  class='av-layout-grid-container av-5ifo-25e2c01edfbf9c065601b47a99eaf359 entry-content-wrapper main_color av-flex-cells  avia-builder-el-8  el_after_av_codeblock  el_before_av_layout_row  grid-row-not-first  container_wrap sidebar_right'  >\n\n<style type=\"text\/css\" data-created_by=\"avia_inline_auto\" id=\"style-css-av-kxxrf0ft-35b1877e32ce8fe56979da0fe2336cee\">\n.flex_cell.av-kxxrf0ft-35b1877e32ce8fe56979da0fe2336cee{\nvertical-align:middle;\npadding:20% 20% 20% 20%;\nbackground:url(https:\/\/maxform.pl\/wp-content\/uploads\/2022\/01\/uchwyt-1024x1024-1.png) 50% 50% no-repeat scroll ;\n}\n<\/style>\n<div class='flex_cell av_one_half av-kxxrf0ft-35b1877e32ce8fe56979da0fe2336cee no_margin  avia-builder-el-9  el_before_av_cell_one_half  avia-builder-el-first  notflex avia-full-stretch' ><div class='flex_cell_inner'><\/div><\/div>\n<style type=\"text\/css\" data-created_by=\"avia_inline_auto\" id=\"style-css-av-2q1s-0cd6f75f5b63c76a3b34e57af5e7bdda\">\n.flex_cell.av-2q1s-0cd6f75f5b63c76a3b34e57af5e7bdda{\nvertical-align:middle;\nbackground-color:#f4f4f4;\n}\n<\/style>\n<div class='flex_cell av_one_half av-2q1s-0cd6f75f5b63c76a3b34e57af5e7bdda no_margin  avia-builder-el-10  el_after_av_cell_one_half  avia-builder-el-last  cont-txtp' ><div class='flex_cell_inner'><section  class='av_textblock_section av-kxxrpa0t-487438ecd1421070bfef8b73124576bd'  itemscope=\"itemscope\" itemtype=\"https:\/\/schema.org\/CreativeWork\" ><div class='avia_textblock'  itemprop=\"text\" ><h2 style=\"text-align: center;\">For us, quality <span class=\"\">counts<\/span><\/h2>\n<p style=\"text-align: justify;\">Our goal is to create new, innovative plastic products, from design to execution. To meet our requirements we have a well-experienced team of young professionals, guaranteeing you the highest level of services.<\/p>\n<\/div><\/section><br \/>\n<div  class='avia-button-wrap avia-button-center  avia-builder-el-12  el_after_av_textblock  avia-builder-el-last  smallbutton' >\n<style type=\"text\/css\" data-created_by=\"avia_inline_auto\" id=\"style-css-av-kxxrvnqn-9faa7f494a79ea159d430496d50be484\">\n#top #wrap_all .avia-button.av-kxxrvnqn-9faa7f494a79ea159d430496d50be484{\ncolor:#57b4c4;\nborder-style:solid;\nborder-width:2px 2px 2px 2px;\nborder-color:#57b4c4;\nborder-radius:0px 0px 0px 0px;\n-webkit-border-radius:0px 0px 0px 0px;\n-moz-border-radius:0px 0px 0px 0px;\nbox-shadow:none;\n-webkit-box-shadow:none;\n-moz-box-shadow:none;\ntransition:all 0.4s ease-in-out;\n-webkit-transition:all 0.4s ease-in-out;\n-moz-transition:all 0.4s ease-in-out;\n-ms-transition:all 0.4s ease-in-out;\n-o-transition:all 0.4s ease-in-out;\n}\n#top #wrap_all .avia-button.av-kxxrvnqn-9faa7f494a79ea159d430496d50be484:hover{\nbackground-color:#57b4c4;\ncolor:white;\ntransition:all 0.4s ease-in-out;\n-webkit-transition:all 0.4s ease-in-out;\n-moz-transition:all 0.4s ease-in-out;\n-ms-transition:all 0.4s ease-in-out;\n-o-transition:all 0.4s ease-in-out;\n}\n#top #wrap_all.avia-button.av-kxxrvnqn-9faa7f494a79ea159d430496d50be484:hover .avia_button_background{\nborder-radius:0px 0px 0px 0px;\n-webkit-border-radius:0px 0px 0px 0px;\n-moz-border-radius:0px 0px 0px 0px;\n}\n<\/style>\n<a href='https:\/\/maxform.pl\/en\/about-us\/'  class='avia-button av-kxxrvnqn-9faa7f494a79ea159d430496d50be484 avia-icon_select-yes-right-icon avia-size-medium avia-position-center av-icon-on-hover avia-color-light' ><span class='avia_iconbox_title' >ABOUT US<\/span><span class='avia_button_icon avia_button_icon_right' aria-hidden='true' data-av_icon='\ue875' data-av_iconfont='entypo-fontello'><\/span><\/a><\/div><\/p>\n<\/div><\/div>\n<\/div>\n<div id='av-layout-grid-2'  class='av-layout-grid-container av-3xaq-935b6b376616f4bec301e491b9213242 entry-content-wrapper main_color av-flex-cells  avia-builder-el-13  el_after_av_layout_row  avia-builder-el-last  grid-row-not-first  container_wrap sidebar_right'  >\n\n<style type=\"text\/css\" data-created_by=\"avia_inline_auto\" id=\"style-css-av-kxxs6osf-f73b152514071955ef86cb44ee8506e5\">\n.flex_cell.av-kxxs6osf-f73b152514071955ef86cb44ee8506e5{\nvertical-align:middle;\nbackground-color:#f4f4f4;\n}\n<\/style>\n<div class='flex_cell av_one_half av-kxxs6osf-f73b152514071955ef86cb44ee8506e5 no_margin  avia-builder-el-14  el_before_av_cell_one_half  avia-builder-el-first  cont-txt' ><div class='flex_cell_inner'><section  class='av_textblock_section av-kxxs5wjm-f740d83648e9dd07ce9e59b65f33e171'  itemscope=\"itemscope\" itemtype=\"https:\/\/schema.org\/CreativeWork\" ><div class='avia_textblock'  itemprop=\"text\" ><h2 style=\"text-align: center;\">Oznaczenie w alfabecie Braille\u2019a<\/h2>\n<p style=\"text-align: justify;\">W wyniku projektu prowadzonego w ramach dofinansowania z Funduszy Europejskich firma Maxform wdro\u017cy\u0142a innowacyjn\u0105 technologi\u0119 produkcji opakowa\u0144 termoformowanych z oznaczeniem w\u00a0<strong>alfabecie Braille\u2019a.<\/strong><\/p>\n<p style=\"text-align: justify;\">Ka\u017cdy produkt mo\u017cemy dla Pa\u0144stwa wykona\u0107 mo\u017ce zosta\u0107 wzbogacony o dodatkowe oznakowanie. Wierzymy, \u017ce b\u0119dzie to stanowi\u0142o istotny wp\u0142yw na atrakcyjno\u015b\u0107 ko\u0144cowego produktu.<\/p>\n<p style=\"text-align: justify;\"><em>Zapraszamy do\u00a0<strong><a href=\"https:\/\/maxform.pl\/kontakt\/\">sk\u0142adania zapyta\u0144<\/a>\u00a0<\/strong>na produkty z trwa\u0142ym oznaczeniem dla os\u00f3b niewidomych i niedowidz\u0105cych.\u00a0<\/em><\/p>\n<\/div><\/section><br \/>\n<div  class='avia-button-wrap avia-button-center  avia-builder-el-16  el_after_av_textblock  avia-builder-el-last  smallbutton' >\n<style type=\"text\/css\" data-created_by=\"avia_inline_auto\" id=\"style-css-av-kxxs6ans-f6b5390d03d0dcf9562e095119d29d92\">\n#top #wrap_all .avia-button.av-kxxs6ans-f6b5390d03d0dcf9562e095119d29d92{\ncolor:#57b4c4;\nborder-style:solid;\nborder-width:2px 2px 2px 2px;\nborder-color:#57b4c4;\nborder-radius:0px 0px 0px 0px;\n-webkit-border-radius:0px 0px 0px 0px;\n-moz-border-radius:0px 0px 0px 0px;\nbox-shadow:none;\n-webkit-box-shadow:none;\n-moz-box-shadow:none;\ntransition:all 0.4s ease-in-out;\n-webkit-transition:all 0.4s ease-in-out;\n-moz-transition:all 0.4s ease-in-out;\n-ms-transition:all 0.4s ease-in-out;\n-o-transition:all 0.4s ease-in-out;\n}\n#top #wrap_all .avia-button.av-kxxs6ans-f6b5390d03d0dcf9562e095119d29d92:hover{\nbackground-color:#57b4c4;\ncolor:white;\ntransition:all 0.4s ease-in-out;\n-webkit-transition:all 0.4s ease-in-out;\n-moz-transition:all 0.4s ease-in-out;\n-ms-transition:all 0.4s ease-in-out;\n-o-transition:all 0.4s ease-in-out;\n}\n#top #wrap_all.avia-button.av-kxxs6ans-f6b5390d03d0dcf9562e095119d29d92:hover .avia_button_background{\nborder-radius:0px 0px 0px 0px;\n-webkit-border-radius:0px 0px 0px 0px;\n-moz-border-radius:0px 0px 0px 0px;\n}\n<\/style>\n<a href='https:\/\/maxform.pl\/en\/news\/'  class='avia-button av-kxxs6ans-f6b5390d03d0dcf9562e095119d29d92 avia-icon_select-yes-right-icon avia-size-medium avia-position-center av-icon-on-hover avia-color-light' ><span class='avia_iconbox_title' >NEWS<\/span><span class='avia_button_icon avia_button_icon_right' aria-hidden='true' data-av_icon='\ue875' data-av_iconfont='entypo-fontello'><\/span><\/a><\/div><\/p>\n<\/div><\/div>\n<style type=\"text\/css\" data-created_by=\"avia_inline_auto\" id=\"style-css-av-kxxs8bpi-eb24cb8c2aa33677a2e82c098a0feff0\">\n.flex_cell.av-kxxs8bpi-eb24cb8c2aa33677a2e82c098a0feff0{\nvertical-align:middle;\npadding:20% 20% 20% 20%;\nbackground:url(https:\/\/maxform.pl\/wp-content\/uploads\/2022\/01\/bra.jpg) 50% 50% no-repeat scroll ;\n}\n<\/style>\n<div class='flex_cell av_one_half av-kxxs8bpi-eb24cb8c2aa33677a2e82c098a0feff0 no_margin  avia-builder-el-17  el_after_av_cell_one_half  avia-builder-el-last  avia-full-stretch' ><div class='flex_cell_inner'><\/div><\/div>\n<\/div>\n","protected":false},"excerpt":{"rendered":"","protected":false},"author":1,"featured_media":0,"parent":0,"menu_order":0,"comment_status":"closed","ping_status":"open","template":"","meta":{"footnotes":""},"class_list":["post-494","page","type-page","status-publish","hentry"],"_links":{"self":[{"href":"https:\/\/maxform.pl\/en\/wp-json\/wp\/v2\/pages\/494","targetHints":{"allow":["GET"]}}],"collection":[{"href":"https:\/\/maxform.pl\/en\/wp-json\/wp\/v2\/pages"}],"about":[{"href":"https:\/\/maxform.pl\/en\/wp-json\/wp\/v2\/types\/page"}],"author":[{"embeddable":true,"href":"https:\/\/maxform.pl\/en\/wp-json\/wp\/v2\/users\/1"}],"replies":[{"embeddable":true,"href":"https:\/\/maxform.pl\/en\/wp-json\/wp\/v2\/comments?post=494"}],"version-history":[{"count":11,"href":"https:\/\/maxform.pl\/en\/wp-json\/wp\/v2\/pages\/494\/revisions"}],"predecessor-version":[{"id":910,"href":"https:\/\/maxform.pl\/en\/wp-json\/wp\/v2\/pages\/494\/revisions\/910"}],"wp:attachment":[{"href":"https:\/\/maxform.pl\/en\/wp-json\/wp\/v2\/media?parent=494"}],"curies":[{"name":"wp","href":"https:\/\/api.w.org\/{rel}","templated":true}]}}